{"id":1618,"date":"2021-11-17T09:41:19","date_gmt":"2021-11-17T08:41:19","guid":{"rendered":"https:\/\/www.enpark.no\/?page_id=1618"},"modified":"2021-11-17T09:41:19","modified_gmt":"2021-11-17T08:41:19","slug":"egersund-energy-hub","status":"publish","type":"page","link":"https:\/\/www.enpark.no\/en\/egersund-energy-hub\/","title":{"rendered":"EGERSUND ENERGY HUB"},"content":{"rendered":"<p>[et_pb_section bb_built=&#8221;1&#8243; next_background_color=&#8221;#ffffff&#8221; _builder_version=&#8221;3.19.15&#8243; background_image=&#8221;http:\/\/www.enpark.no\/wp-content\/uploads\/2021\/06\/20210419-DJI_0190-HDR-Edit-Edit-scaled.jpg&#8221; parallax=&#8221;on&#8221; parallax_method=&#8221;off&#8221;][et_pb_row custom_padding=&#8221;27px|0px|7px|1px|false|false&#8221; _builder_version=&#8221;3.19.15&#8243;][et_pb_column type=&#8221;4_4&#8243;][et_pb_text _builder_version=&#8221;3.19.15&#8243;]<\/p>\n<p>&nbsp;<\/p>\n<p>&nbsp;<\/p>\n<p>&nbsp;<\/p>\n<p>&nbsp;<\/p>\n<p>&nbsp;<\/p>\n<p>&nbsp;<\/p>\n<p>&nbsp;<\/p>\n<p>&nbsp;<\/p>\n<p>&nbsp;<\/p>\n<p>&nbsp;<\/p>\n<p>&nbsp;<\/p>\n<p>&nbsp;<\/p>\n<p>&nbsp;<\/p>\n<p><span style=\"color: #ffffff; font-size: xx-large;\">EGERSUND ENERGY HUB<\/span><\/p>\n<p>[\/et_pb_text][\/et_pb_column][\/et_pb_row][\/et_pb_section][et_pb_section bb_built=&#8221;1&#8243; prev_background_color=&#8221;#000000&#8243; next_background_color=&#8221;#000000&#8243; _builder_version=&#8221;3.0.47&#8243; custom_padding=&#8221;40px|0px|54px|0px|false|false&#8221;][et_pb_row _builder_version=&#8221;3.19.15&#8243;][et_pb_column type=&#8221;1_3&#8243;][\/et_pb_column][et_pb_column type=&#8221;1_3&#8243;][et_pb_image src=&#8221;https:\/\/enpark.no\/wp-content\/uploads\/2019\/04\/Egersund_Energy_Hub-logo.jpg&#8221; _builder_version=&#8221;3.19.15&#8243; \/][\/et_pb_column][et_pb_column type=&#8221;1_3&#8243;][\/et_pb_column][\/et_pb_row][et_pb_row _builder_version=&#8221;3.0.48&#8243; background_size=&#8221;initial&#8221; background_position=&#8221;top_left&#8221; background_repeat=&#8221;repeat&#8221;][et_pb_column type=&#8221;1_2&#8243;][et_pb_text _builder_version=&#8221;3.0.87&#8243; border_style=&#8221;solid&#8221;]<\/p>\n<p><strong>EGERSUND ENERGY HUB<\/strong><\/p>\n<p>Egersund Energy Hub er en del av Egersund N\u00e6ringspark Langholmen. Strategisk beliggende midt blant S\u00f8r-Norges st\u00f8rste vindutbygginger, med kort sj\u00f8vei til Europa og produsentene, satses det n\u00e5 for fullt. Langholmen best\u00e5r av 40 m\u00e5l n\u00e6ringsareal med dypvannskai langs 2 sider av omr\u00e5det med god kommunikasjon, like ved riksveien og kort avstand fra jernbanen.<\/p>\n<p>Det bygges n\u00e5 et 8800 kvadratmeter stort kombinasjonsbygg for Norges f\u00f8rste senter for drift og vedlikehold, trening og utdanning for vindindustrien. De to f\u00f8rste etasjene, og deler av verkstedshallene er allerede leid ut til bedrifter som ser konkurransefortrinn gjennom samlokalisering i et sterkt kompetansemilj\u00f8 innen vindkraft og milj\u00f8teknologi. \u00a0Det 30 meter h\u00f8ye spesialdesignede treningst\u00e5rnet er allerede hyppig i bruk til GWO sikkerhetstrening. Den 19 meter h\u00f8ye verkstedhallen skal kunne ta inn turbiner i 4-5 MW-klassen for vedlikeholdsoperasjoner \/ komponentskift med mulighet for l\u00f8fteoperasjoner p\u00e5 mer enn 100 tonn.<\/p>\n<p>Vil du bli en del av landets f\u00f8rste senter for drift og vedlikehold, trening og utdanning for vindindustrien?<\/p>\n<p>Kontakt oss, vi har fremdeles ledige lokaler i nybygget som st\u00e5r ferdig sommeren 2020<\/p>\n<p><strong>Terje J\u00f8rgensen, Daglig leder i Egersund N\u00e6ringspark:<br \/>\n<\/strong>\u2013 E-post:\u00a0<a href=\"mailto:terje.jorgensen@seabrokers.no\">terje.jorgensen@seabrokers.no<\/a><\/p>\n<p>\u2013 Telefon: +47\u00a0958 56\u00a0554<\/p>\n<p><a href=\"https:\/\/www.dalane-tidende.no\/vis\/annonsorinnhold\/kunne-du-tenke-deg-dette-kontoret-egersund-nringspark-langholmen-sker-flere-samarbeidspartnere\/3424135937.html\">\u00a0Les om v\u00e5re forn\u00f8yde leietakere her!<\/a><\/p>\n<p><a href=\"https:\/\/www.egersundenergyhub.no\/hjem\">Sjekk ut Egersund Energy hubs webside her!<\/a><\/p>\n<p>&nbsp;<\/p>\n<p>[\/et_pb_text][\/et_pb_column][et_pb_column type=&#8221;1_2&#8243;][et_pb_image src=&#8221;https:\/\/enpark.no\/wp-content\/uploads\/2019\/04\/190122-Langholmen-prospekt2.jpg&#8221; _builder_version=&#8221;3.19.15&#8243; \/][et_pb_map address=&#8221;Langholmen, 4370 Egersund, Norge&#8221; zoom_level=&#8221;13&#8243; address_lat=&#8221;58.4583587&#8243; address_lng=&#8221;5.9806993&#8243; _builder_version=&#8221;3.19.15&#8243;][et_pb_map_pin pin_address=&#8221;Langholmen, 4370 Egersund, Norge&#8221; pin_address_lat=&#8221;58.4583587&#8243; pin_address_lng=&#8221;5.9806993&#8243; _builder_version=&#8221;3.19.15&#8243;][\/et_pb_map_pin][\/et_pb_map][\/et_pb_column][\/et_pb_row][\/et_pb_section][et_pb_section bb_built=&#8221;1&#8243; prev_background_color=&#8221;#000000&#8243; _builder_version=&#8221;3.19.15&#8243;][et_pb_row _builder_version=&#8221;3.19.15&#8243;][et_pb_column type=&#8221;1_2&#8243;][et_pb_text _builder_version=&#8221;3.19.15&#8243;]<\/p>\n<p><strong>ET SENTER FOR FORNYBAR ENERGI OG MILJ\u00d8TEKNOLOGI<\/strong><\/p>\n<p>Egersund Energy Hub ved Langholmen i Egersund havn vil bli etablert gjennom en samlokalisering av flere selskap og organisasjoner som jobber med fornybar energi, milj\u00f8teknologi og tilknyttet virksomhet.<\/p>\n<p>Senteret vil best\u00e5 av virksomheter som driver kommersiell trenings- og sertifiseringsvirksomhet b\u00e5de rundt sikkerhet og drift- og vedlikehold av vindturbiner, og virksomheter som er operative p\u00e5 drift og vedlikehold av vindparker i Dalane. Senteret vil ogs\u00e5 huse energioperat\u00f8rutdanningen for drift og vedlikehold av vind- og vannturbiner gjennom Dalane videreg\u00e5ende skole, en utdanning som har v\u00e6rt operativ siden 2011, og en kommende planlagt teknisk fagskoleutdanning innen fornybar energi i tett samarbeid med Rogaland fylkeskommune.<\/p>\n<p>I senteret vil det legges til rette for et tett samarbeid med FoUoI-akt\u00f8rer, gjennom \u00e5 tilby fasiliteter og et kompetansemilj\u00f8 for master-, doktor-, postdoktorutdanning og annen forskning og utviklingsrelatert aktivitet knyttet til fornybar energi og gr\u00f8nn teknologi, gjennom et tett samarbeid med IRIS og Universitetet i Stavanger. Senteret skal bygge p\u00e5 trippel heliksmodellen: Innovasjon gjennom samlokalisering og interaksjon mellom 1) kommersiell virksomhet 2) utdanning, forskning og utvikling og 3) myndighetene.<\/p>\n<p>&nbsp;<\/p>\n<p><strong>LOKASJON &#8211; HVORFOR EGERSUND?<\/strong><\/p>\n<p>Vi er inne i periode med omfattende etablering av landbasert vindkraft p\u00e5 S\u00f8rvestlandet, men ogs\u00e5 i Midt-Norge og i andre deler av Norge. Utbyggingstakten i omr\u00e5dene rundt Egersund er sv\u00e6rt h\u00f8y. Norges st\u00f8rste vindpark ble \u00e5pnet p\u00e5 Tellenes rett s\u00f8r for Egersund h\u00f8sten 2017. I mai 2018 \u00e5pner Egersund vindpark. Utbygging av flere vindparker i Bjerkreim er p\u00e5begynt. Alle disse vindkraftverkene krever tilgang til godt utdannede og trent personell.<\/p>\n<p>Egersund ligger p\u00e5 terskelen til Nordsj\u00f8en, &#8211; verdens st\u00f8rste marked for Offshore vind, med flere Norske selskap som aktive akt\u00f8rer. I desember 2017 vedtok Stortinget at det ogs\u00e5 skal satses p\u00e5 offshore vind i Norge. NVE har landsert omr\u00e5der utenfor Rogaland som de mest aktuelle for utbygging i f\u00f8rste omgang.<\/p>\n<p>Denne utviklingen inneb\u00e6rer behov for utvikling av et profesjonelt utdannings- og sikkerhetssenter for on- og offshore vindkraft i Norge. Egersund har de beste forutsetningene, b\u00e5de kompetansemessig gjennom Energioperat\u00f8rutdannigen for vindteknikere ved Dalane vg skole, og gjennom etableringen av Egersund Energy Hub i Egersund havn. Avstanden fra Stavanger Lufthavn Sola er kort. Det b\u00f8r ikke v\u00e6re noen gode grunner for \u00e5 sende personell til Danmark eller andre land for trening og sertifisering, n\u00e5r vi kan tilby dette til en konkurransedyktig pris i Egersund, gjennom kurs og sertifisering som er tilpasset norske forhold og norsk standard!<\/p>\n<p>&nbsp;<\/p>\n<p>[\/et_pb_text][\/et_pb_column][et_pb_column type=&#8221;1_2&#8243;][et_pb_image src=&#8221;http:\/\/enpark.no\/wp-content\/uploads\/2019\/04\/fullsizeoutput_2ac9.jpeg&#8221; _builder_version=&#8221;3.19.15&#8243; \/][et_pb_image src=&#8221;http:\/\/enpark.no\/wp-content\/uploads\/2019\/04\/Screen-Shot-2017-11-16-at-02_43_53.png&#8221; _builder_version=&#8221;3.19.15&#8243; \/][\/et_pb_column][\/et_pb_row][\/et_pb_section]<\/p>\n","protected":false},"excerpt":{"rendered":"<p>&nbsp; &nbsp; &nbsp; &nbsp; &nbsp; &nbsp; &nbsp; &nbsp; &nbsp; &nbsp; &nbsp; &nbsp; &nbsp; EGERSUND ENERGY HUB EGERSUND ENERGY HUB Egersund Energy Hub er en del av Egersund N\u00e6ringspark Langholmen. Strategisk beliggende midt blant S\u00f8r-Norges st\u00f8rste vindutbygginger, med kort sj\u00f8vei til Europa og produsentene, satses det n\u00e5 for fullt. Langholmen best\u00e5r av 40 m\u00e5l n\u00e6ringsareal med [&hellip;]<\/p>\n","protected":false},"author":4,"featured_media":0,"parent":0,"menu_order":0,"comment_status":"closed","ping_status":"closed","template":"","meta":{"_et_pb_use_builder":"on","_et_pb_old_content":"<p>[et_pb_section fb_built=\"1\" next_background_color=\"#ffffff\" _builder_version=\"3.19.15\" background_image=\"http:\/\/www.enpark.no\/wp-content\/uploads\/2021\/06\/20210419-DJI_0190-HDR-Edit-Edit-scaled.jpg\" parallax=\"on\" parallax_method=\"off\"][et_pb_row custom_padding=\"27px|0px|7px|1px|false|false\" _builder_version=\"3.19.15\"][et_pb_column type=\"4_4\" _builder_version=\"3.0.47\"][et_pb_text _builder_version=\"3.19.15\"]<\/p><p>\u00a0<\/p><p>\u00a0<\/p><p>\u00a0<\/p><p>\u00a0<\/p><p>\u00a0<\/p><p>\u00a0<\/p><p>\u00a0<\/p><p>\u00a0<\/p><p>\u00a0<\/p><p>\u00a0<\/p><p>\u00a0<\/p><p>\u00a0<\/p><p>\u00a0<\/p><p><span style=\"color: #ffffff; font-size: xx-large;\">EGERSUND ENERGY HUB<\/span><\/p><p>[\/et_pb_text][\/et_pb_column][\/et_pb_row][\/et_pb_section][et_pb_section fb_built=\"1\" prev_background_color=\"#000000\" next_background_color=\"#000000\" _builder_version=\"3.0.47\" custom_padding=\"40px|0px|54px|0px|false|false\"][et_pb_row _builder_version=\"3.19.15\"][et_pb_column type=\"1_3\" _builder_version=\"3.0.47\"][\/et_pb_column][et_pb_column type=\"1_3\" _builder_version=\"3.0.47\"][et_pb_image src=\"https:\/\/enpark.no\/wp-content\/uploads\/2019\/04\/Egersund_Energy_Hub-logo.jpg\" _builder_version=\"3.19.15\"][\/et_pb_image][\/et_pb_column][et_pb_column type=\"1_3\" _builder_version=\"3.0.47\"][\/et_pb_column][\/et_pb_row][et_pb_row _builder_version=\"3.0.48\" background_size=\"initial\" background_position=\"top_left\" background_repeat=\"repeat\"][et_pb_column type=\"1_2\" _builder_version=\"3.0.47\"][et_pb_text _builder_version=\"3.0.87\" border_style=\"solid\"]<\/p><p><strong>EGERSUND ENERGY HUB<\/strong><\/p><p>Egersund Energy Hub er en del av Egersund N\u00e6ringspark Langholmen. Strategisk beliggende midt blant S\u00f8r-Norges st\u00f8rste vindutbygginger, med kort sj\u00f8vei til Europa og produsentene, satses det n\u00e5 for fullt. Langholmen best\u00e5r av 40 m\u00e5l n\u00e6ringsareal med dypvannskai langs 2 sider av omr\u00e5det med god kommunikasjon, like ved riksveien og kort avstand fra jernbanen.<\/p><p>Det bygges n\u00e5 et 8800 kvadratmeter stort kombinasjonsbygg for Norges f\u00f8rste senter for drift og vedlikehold, trening og utdanning for vindindustrien. De to f\u00f8rste etasjene, og deler av verkstedshallene er allerede leid ut til bedrifter som ser konkurransefortrinn gjennom samlokalisering i et sterkt kompetansemilj\u00f8 innen vindkraft og milj\u00f8teknologi. \u00a0Det 30 meter h\u00f8ye spesialdesignede treningst\u00e5rnet er allerede hyppig i bruk til GWO sikkerhetstrening. Den 19 meter h\u00f8ye verkstedhallen skal kunne ta inn turbiner i 4-5 MW-klassen for vedlikeholdsoperasjoner \/ komponentskift med mulighet for l\u00f8fteoperasjoner p\u00e5 mer enn 100 tonn.<\/p><p>Vil du bli en del av landets f\u00f8rste senter for drift og vedlikehold, trening og utdanning for vindindustrien?<\/p><p>Kontakt oss, vi har fremdeles ledige lokaler i nybygget som st\u00e5r ferdig sommeren 2020<\/p><p><strong>Terje J\u00f8rgensen, Daglig leder i Egersund N\u00e6ringspark:<br \/><\/strong>\u2013 E-post:\u00a0<a href=\"mailto:terje.jorgensen@seabrokers.no\">terje.jorgensen@seabrokers.no<\/a><\/p><p>\u2013 Telefon: +47\u00a0958 56\u00a0554<\/p><p><a href=\"https:\/\/www.dalane-tidende.no\/vis\/annonsorinnhold\/kunne-du-tenke-deg-dette-kontoret-egersund-nringspark-langholmen-sker-flere-samarbeidspartnere\/3424135937.html\">\u00a0Les om v\u00e5re forn\u00f8yde leietakere her!<\/a><\/p><p><a href=\"https:\/\/www.egersundenergyhub.no\/hjem\">Sjekk ut Egersund Energy hubs webside her!<\/a><\/p><p>\u00a0<\/p><p>[\/et_pb_text][\/et_pb_column][et_pb_column type=\"1_2\" _builder_version=\"3.0.47\"][et_pb_image src=\"https:\/\/enpark.no\/wp-content\/uploads\/2019\/04\/190122-Langholmen-prospekt2.jpg\" _builder_version=\"3.19.15\"][\/et_pb_image][et_pb_map address=\"Langholmen, 4370 Egersund, Norge\" zoom_level=\"13\" address_lat=\"58.4583587\" address_lng=\"5.9806993\" _builder_version=\"3.19.15\"][et_pb_map_pin pin_address=\"Langholmen, 4370 Egersund, Norge\" pin_address_lat=\"58.4583587\" pin_address_lng=\"5.9806993\" _builder_version=\"3.19.15\"][\/et_pb_map_pin][\/et_pb_map][\/et_pb_column][\/et_pb_row][\/et_pb_section][et_pb_section fb_built=\"1\" prev_background_color=\"#000000\" _builder_version=\"3.19.15\"][et_pb_row _builder_version=\"3.19.15\"][et_pb_column type=\"1_2\" _builder_version=\"3.19.15\"][et_pb_text _builder_version=\"3.19.15\"]<\/p><p><strong>ET SENTER FOR FORNYBAR ENERGI OG MILJ\u00d8TEKNOLOGI<\/strong><\/p><p>Egersund Energy Hub ved Langholmen i Egersund havn vil bli etablert gjennom en samlokalisering av flere selskap og organisasjoner som jobber med fornybar energi, milj\u00f8teknologi og tilknyttet virksomhet.<\/p><p>Senteret vil best\u00e5 av virksomheter som driver kommersiell trenings- og sertifiseringsvirksomhet b\u00e5de rundt sikkerhet og drift- og vedlikehold av vindturbiner, og virksomheter som er operative p\u00e5 drift og vedlikehold av vindparker i Dalane. Senteret vil ogs\u00e5 huse energioperat\u00f8rutdanningen for drift og vedlikehold av vind- og vannturbiner gjennom Dalane videreg\u00e5ende skole, en utdanning som har v\u00e6rt operativ siden 2011, og en kommende planlagt teknisk fagskoleutdanning innen fornybar energi i tett samarbeid med Rogaland fylkeskommune.<\/p><p>I senteret vil det legges til rette for et tett samarbeid med FoUoI-akt\u00f8rer, gjennom \u00e5 tilby fasiliteter og et kompetansemilj\u00f8 for master-, doktor-, postdoktorutdanning og annen forskning og utviklingsrelatert aktivitet knyttet til fornybar energi og gr\u00f8nn teknologi, gjennom et tett samarbeid med IRIS og Universitetet i Stavanger. Senteret skal bygge p\u00e5 trippel heliksmodellen: Innovasjon gjennom samlokalisering og interaksjon mellom 1) kommersiell virksomhet 2) utdanning, forskning og utvikling og 3) myndighetene.<\/p><p>\u00a0<\/p><p><strong>LOKASJON - HVORFOR EGERSUND?<\/strong><\/p><p>Vi er inne i periode med omfattende etablering av landbasert vindkraft p\u00e5 S\u00f8rvestlandet, men ogs\u00e5 i Midt-Norge og i andre deler av Norge. Utbyggingstakten i omr\u00e5dene rundt Egersund er sv\u00e6rt h\u00f8y. Norges st\u00f8rste vindpark ble \u00e5pnet p\u00e5 Tellenes rett s\u00f8r for Egersund h\u00f8sten 2017. I mai 2018 \u00e5pner Egersund vindpark. Utbygging av flere vindparker i Bjerkreim er p\u00e5begynt. Alle disse vindkraftverkene krever tilgang til godt utdannede og trent personell.<\/p><p>Egersund ligger p\u00e5 terskelen til Nordsj\u00f8en, - verdens st\u00f8rste marked for Offshore vind, med flere Norske selskap som aktive akt\u00f8rer. I desember 2017 vedtok Stortinget at det ogs\u00e5 skal satses p\u00e5 offshore vind i Norge. NVE har landsert omr\u00e5der utenfor Rogaland som de mest aktuelle for utbygging i f\u00f8rste omgang.<\/p><p>Denne utviklingen inneb\u00e6rer behov for utvikling av et profesjonelt utdannings- og sikkerhetssenter for on- og offshore vindkraft i Norge. Egersund har de beste forutsetningene, b\u00e5de kompetansemessig gjennom Energioperat\u00f8rutdannigen for vindteknikere ved Dalane vg skole, og gjennom etableringen av Egersund Energy Hub i Egersund havn. Avstanden fra Stavanger Lufthavn Sola er kort. Det b\u00f8r ikke v\u00e6re noen gode grunner for \u00e5 sende personell til Danmark eller andre land for trening og sertifisering, n\u00e5r vi kan tilby dette til en konkurransedyktig pris i Egersund, gjennom kurs og sertifisering som er tilpasset norske forhold og norsk standard!<\/p><p>\u00a0<\/p><p>[\/et_pb_text][\/et_pb_column][et_pb_column type=\"1_2\" _builder_version=\"3.19.15\"][et_pb_image src=\"http:\/\/enpark.no\/wp-content\/uploads\/2019\/04\/fullsizeoutput_2ac9.jpeg\" _builder_version=\"3.19.15\"][\/et_pb_image][et_pb_image src=\"http:\/\/enpark.no\/wp-content\/uploads\/2019\/04\/Screen-Shot-2017-11-16-at-02_43_53.png\" _builder_version=\"3.19.15\"][\/et_pb_image][\/et_pb_column][\/et_pb_row][\/et_pb_section]<\/p>","_et_gb_content_width":"","_monsterinsights_skip_tracking":false,"_monsterinsights_sitenote_active":false,"_monsterinsights_sitenote_note":"","_monsterinsights_sitenote_category":0,"footnotes":"","_links_to":"","_links_to_target":""},"class_list":["post-1618","page","type-page","status-publish","hentry"],"yoast_head":"<!-- This site is optimized with the Yoast SEO plugin v23.7 - https:\/\/yoast.com\/wordpress\/plugins\/seo\/ -->\n<title>EGERSUND ENERGY HUB - Egersund N\u00e6ringspark<\/title>\n<meta name=\"robots\" content=\"index, follow, max-snippet:-1, max-image-preview:large, max-video-preview:-1\" \/>\n<link rel=\"canonical\" href=\"https:\/\/www.enpark.no\/en\/egersund-energy-hub\/\" \/>\n<meta property=\"og:locale\" content=\"en_US\" \/>\n<meta property=\"og:type\" content=\"article\" \/>\n<meta property=\"og:title\" content=\"EGERSUND ENERGY HUB - Egersund N\u00e6ringspark\" \/>\n<meta property=\"og:description\" content=\"&nbsp; &nbsp; &nbsp; &nbsp; &nbsp; &nbsp; &nbsp; &nbsp; &nbsp; &nbsp; &nbsp; &nbsp; &nbsp; EGERSUND ENERGY HUB EGERSUND ENERGY HUB Egersund Energy Hub er en del av Egersund N\u00e6ringspark Langholmen. Strategisk beliggende midt blant S\u00f8r-Norges st\u00f8rste vindutbygginger, med kort sj\u00f8vei til Europa og produsentene, satses det n\u00e5 for fullt. Langholmen best\u00e5r av 40 m\u00e5l n\u00e6ringsareal med [&hellip;]\" \/>\n<meta property=\"og:url\" content=\"https:\/\/www.enpark.no\/en\/egersund-energy-hub\/\" \/>\n<meta property=\"og:site_name\" content=\"Egersund N\u00e6ringspark\" \/>\n<meta name=\"twitter:card\" content=\"summary_large_image\" \/>\n<meta name=\"twitter:label1\" content=\"Est. reading time\" \/>\n\t<meta name=\"twitter:data1\" content=\"3 minutes\" \/>\n<script type=\"application\/ld+json\" class=\"yoast-schema-graph\">{\"@context\":\"https:\/\/schema.org\",\"@graph\":[{\"@type\":\"WebPage\",\"@id\":\"https:\/\/www.enpark.no\/en\/egersund-energy-hub\/\",\"url\":\"https:\/\/www.enpark.no\/en\/egersund-energy-hub\/\",\"name\":\"EGERSUND ENERGY HUB - Egersund N\u00e6ringspark\",\"isPartOf\":{\"@id\":\"https:\/\/www.enpark.no\/#website\"},\"datePublished\":\"2021-11-17T08:41:19+00:00\",\"dateModified\":\"2021-11-17T08:41:19+00:00\",\"breadcrumb\":{\"@id\":\"https:\/\/www.enpark.no\/en\/egersund-energy-hub\/#breadcrumb\"},\"inLanguage\":\"en-US\",\"potentialAction\":[{\"@type\":\"ReadAction\",\"target\":[\"https:\/\/www.enpark.no\/en\/egersund-energy-hub\/\"]}]},{\"@type\":\"BreadcrumbList\",\"@id\":\"https:\/\/www.enpark.no\/en\/egersund-energy-hub\/#breadcrumb\",\"itemListElement\":[{\"@type\":\"ListItem\",\"position\":1,\"name\":\"Hjem\",\"item\":\"https:\/\/www.enpark.no\/\"},{\"@type\":\"ListItem\",\"position\":2,\"name\":\"EGERSUND ENERGY HUB\"}]},{\"@type\":\"WebSite\",\"@id\":\"https:\/\/www.enpark.no\/#website\",\"url\":\"https:\/\/www.enpark.no\/\",\"name\":\"Egersund N\u00e6ringspark\",\"description\":\"\",\"potentialAction\":[{\"@type\":\"SearchAction\",\"target\":{\"@type\":\"EntryPoint\",\"urlTemplate\":\"https:\/\/www.enpark.no\/?s={search_term_string}\"},\"query-input\":{\"@type\":\"PropertyValueSpecification\",\"valueRequired\":true,\"valueName\":\"search_term_string\"}}],\"inLanguage\":\"en-US\"}]}<\/script>\n<!-- \/ Yoast SEO plugin. -->","yoast_head_json":{"title":"EGERSUND ENERGY HUB - Egersund N\u00e6ringspark","robots":{"index":"index","follow":"follow","max-snippet":"max-snippet:-1","max-image-preview":"max-image-preview:large","max-video-preview":"max-video-preview:-1"},"canonical":"https:\/\/www.enpark.no\/en\/egersund-energy-hub\/","og_locale":"en_US","og_type":"article","og_title":"EGERSUND ENERGY HUB - Egersund N\u00e6ringspark","og_description":"&nbsp; &nbsp; &nbsp; &nbsp; &nbsp; &nbsp; &nbsp; &nbsp; &nbsp; &nbsp; &nbsp; &nbsp; &nbsp; EGERSUND ENERGY HUB EGERSUND ENERGY HUB Egersund Energy Hub er en del av Egersund N\u00e6ringspark Langholmen. Strategisk beliggende midt blant S\u00f8r-Norges st\u00f8rste vindutbygginger, med kort sj\u00f8vei til Europa og produsentene, satses det n\u00e5 for fullt. Langholmen best\u00e5r av 40 m\u00e5l n\u00e6ringsareal med [&hellip;]","og_url":"https:\/\/www.enpark.no\/en\/egersund-energy-hub\/","og_site_name":"Egersund N\u00e6ringspark","twitter_card":"summary_large_image","twitter_misc":{"Est. reading time":"3 minutes"},"schema":{"@context":"https:\/\/schema.org","@graph":[{"@type":"WebPage","@id":"https:\/\/www.enpark.no\/en\/egersund-energy-hub\/","url":"https:\/\/www.enpark.no\/en\/egersund-energy-hub\/","name":"EGERSUND ENERGY HUB - Egersund N\u00e6ringspark","isPartOf":{"@id":"https:\/\/www.enpark.no\/#website"},"datePublished":"2021-11-17T08:41:19+00:00","dateModified":"2021-11-17T08:41:19+00:00","breadcrumb":{"@id":"https:\/\/www.enpark.no\/en\/egersund-energy-hub\/#breadcrumb"},"inLanguage":"en-US","potentialAction":[{"@type":"ReadAction","target":["https:\/\/www.enpark.no\/en\/egersund-energy-hub\/"]}]},{"@type":"BreadcrumbList","@id":"https:\/\/www.enpark.no\/en\/egersund-energy-hub\/#breadcrumb","itemListElement":[{"@type":"ListItem","position":1,"name":"Hjem","item":"https:\/\/www.enpark.no\/"},{"@type":"ListItem","position":2,"name":"EGERSUND ENERGY HUB"}]},{"@type":"WebSite","@id":"https:\/\/www.enpark.no\/#website","url":"https:\/\/www.enpark.no\/","name":"Egersund N\u00e6ringspark","description":"","potentialAction":[{"@type":"SearchAction","target":{"@type":"EntryPoint","urlTemplate":"https:\/\/www.enpark.no\/?s={search_term_string}"},"query-input":{"@type":"PropertyValueSpecification","valueRequired":true,"valueName":"search_term_string"}}],"inLanguage":"en-US"}]}},"publishpress_future_action":{"enabled":false,"date":"2026-04-22 00:00:34","action":"change-status","newStatus":"draft","terms":[],"taxonomy":"translation_priority"},"publishpress_future_workflow_manual_trigger":{"enabledWorkflows":[]},"_links":{"self":[{"href":"https:\/\/www.enpark.no\/en\/wp-json\/wp\/v2\/pages\/1618"}],"collection":[{"href":"https:\/\/www.enpark.no\/en\/wp-json\/wp\/v2\/pages"}],"about":[{"href":"https:\/\/www.enpark.no\/en\/wp-json\/wp\/v2\/types\/page"}],"author":[{"embeddable":true,"href":"https:\/\/www.enpark.no\/en\/wp-json\/wp\/v2\/users\/4"}],"replies":[{"embeddable":true,"href":"https:\/\/www.enpark.no\/en\/wp-json\/wp\/v2\/comments?post=1618"}],"version-history":[{"count":0,"href":"https:\/\/www.enpark.no\/en\/wp-json\/wp\/v2\/pages\/1618\/revisions"}],"wp:attachment":[{"href":"https:\/\/www.enpark.no\/en\/wp-json\/wp\/v2\/media?parent=1618"}],"curies":[{"name":"wp","href":"https:\/\/api.w.org\/{rel}","templated":true}]}}